{"id":1014,"date":"2021-11-22T07:07:24","date_gmt":"2021-11-22T05:07:24","guid":{"rendered":"https:\/\/casatevarestaurant.com\/?page_id=1014"},"modified":"2023-04-12T17:34:18","modified_gmt":"2023-04-12T15:34:18","slug":"contact","status":"publish","type":"page","link":"https:\/\/casatevarestaurant.com\/en\/contact\/","title":{"rendered":"Contact"},"content":{"rendered":"\t\t<div data-elementor-type=\"wp-page\" data-elementor-id=\"1014\" class=\"elementor elementor-1014 elementor-61\" data-elementor-post-type=\"page\">\n\t\t\t\t<div class=\"elementor-element elementor-element-438550e e-flex e-con-boxed e-con e-parent\" data-id=\"438550e\" data-element_type=\"container\">\n\t\t\t\t\t<div class=\"e-con-inner\">\n\t\t\t\t<div class=\"elementor-element elementor-element-5a348c6 elementor-widget elementor-widget-heading\" data-id=\"5a348c6\" data-element_type=\"widget\" data-widget_type=\"heading.default\">\n\t\t\t\t<div class=\"elementor-widget-container\">\n\t\t\t\t\t<h1 class=\"elementor-heading-title elementor-size-default\">Contact<\/h1>\t\t\t\t<\/div>\n\t\t\t\t<\/div>\n\t\t\t\t\t<\/div>\n\t\t\t\t<\/div>\n\t\t<div class=\"elementor-element elementor-element-e424338 e-flex e-con-boxed e-con e-parent\" data-id=\"e424338\" data-element_type=\"container\">\n\t\t\t\t\t<div class=\"e-con-inner\">\n\t\t<div class=\"elementor-element elementor-element-5241e59 e-con-full e-flex e-con e-child\" data-id=\"5241e59\" data-element_type=\"container\">\n\t\t\t\t<div class=\"elementor-element elementor-element-c8c28af elementor-icon-list--layout-traditional elementor-list-item-link-full_width elementor-widget elementor-widget-icon-list\" data-id=\"c8c28af\" data-element_type=\"widget\" data-widget_type=\"icon-list.default\">\n\t\t\t\t<div class=\"elementor-widget-container\">\n\t\t\t\t\t\t\t<ul class=\"elementor-icon-list-items\">\n\t\t\t\t\t\t\t<li class=\"elementor-icon-list-item\">\n\t\t\t\t\t\t\t\t\t\t\t<a href=\"mailto:reserves@casatevarestaurant.com\">\n\n\t\t\t\t\t\t\t\t\t\t\t\t<span class=\"elementor-icon-list-icon\">\n\t\t\t\t\t\t\t<i aria-hidden=\"true\" class=\"fas fa-at\"><\/i>\t\t\t\t\t\t<\/span>\n\t\t\t\t\t\t\t\t\t\t<span class=\"elementor-icon-list-text\">reserves@casatevarestaurant.com<\/span>\n\t\t\t\t\t\t\t\t\t\t\t<\/a>\n\t\t\t\t\t\t\t\t\t<\/li>\n\t\t\t\t\t\t\t\t<li class=\"elementor-icon-list-item\">\n\t\t\t\t\t\t\t\t\t\t\t<a href=\"tel:0034615223421\">\n\n\t\t\t\t\t\t\t\t\t\t\t\t<span class=\"elementor-icon-list-icon\">\n\t\t\t\t\t\t\t<i aria-hidden=\"true\" class=\"fas fa-phone-alt\"><\/i>\t\t\t\t\t\t<\/span>\n\t\t\t\t\t\t\t\t\t\t<span class=\"elementor-icon-list-text\">615 22 34 21<\/span>\n\t\t\t\t\t\t\t\t\t\t\t<\/a>\n\t\t\t\t\t\t\t\t\t<\/li>\n\t\t\t\t\t\t\t\t<li class=\"elementor-icon-list-item\">\n\t\t\t\t\t\t\t\t\t\t\t<a href=\"https:\/\/www.google.com\/maps\/place\/Casa+Teva+Restaurant\/@41.778881,3.0263902,17z\/data=!3m1!5s0x12bb069796c95121:0x658f894feae728ac!4m5!3m4!1s0x12bb069796c383bf:0x54721e6e1b66f498!8m2!3d41.778877!4d3.0285789\" target=\"_blank\" rel=\"noopener\">\n\n\t\t\t\t\t\t\t\t\t\t\t\t<span class=\"elementor-icon-list-icon\">\n\t\t\t\t\t\t\t<i aria-hidden=\"true\" class=\"fas fa-map-marker-alt\"><\/i>\t\t\t\t\t\t<\/span>\n\t\t\t\t\t\t\t\t\t\t<span class=\"elementor-icon-list-text\">Pla\u00e7a Ferran Agull\u00f3, 3<br \/>17220 Sant Feliu de Gu\u00edxols<\/span>\n\t\t\t\t\t\t\t\t\t\t\t<\/a>\n\t\t\t\t\t\t\t\t\t<\/li>\n\t\t\t\t\t\t<\/ul>\n\t\t\t\t\t\t<\/div>\n\t\t\t\t<\/div>\n\t\t\t\t<div class=\"elementor-element elementor-element-e17130f elementor-shape-circle elementor-widget__width-auto elementor-grid-0 elementor-widget elementor-widget-social-icons\" data-id=\"e17130f\" data-element_type=\"widget\" data-widget_type=\"social-icons.default\">\n\t\t\t\t<div class=\"elementor-widget-container\">\n\t\t\t\t\t\t\t<div class=\"elementor-social-icons-wrapper elementor-grid\" role=\"list\">\n\t\t\t\t\t\t\t<span class=\"elementor-grid-item\" role=\"listitem\">\n\t\t\t\t\t<a class=\"elementor-icon elementor-social-icon elementor-social-icon-facebook elementor-repeater-item-80da94a\" href=\"https:\/\/www.facebook.com\/casatevarestaurant\" target=\"_blank\" rel=\"noopener\">\n\t\t\t\t\t\t<span class=\"elementor-screen-only\">Facebook<\/span>\n\t\t\t\t\t\t<i aria-hidden=\"true\" class=\"fab fa-facebook\"><\/i>\t\t\t\t\t<\/a>\n\t\t\t\t<\/span>\n\t\t\t\t\t\t\t<span class=\"elementor-grid-item\" role=\"listitem\">\n\t\t\t\t\t<a class=\"elementor-icon elementor-social-icon elementor-social-icon-instagram elementor-repeater-item-c2551d3\" href=\"https:\/\/www.instagram.com\/casateva_restaurant\/\" target=\"_blank\" rel=\"noopener\">\n\t\t\t\t\t\t<span class=\"elementor-screen-only\">Instagram<\/span>\n\t\t\t\t\t\t<i aria-hidden=\"true\" class=\"fab fa-instagram\"><\/i>\t\t\t\t\t<\/a>\n\t\t\t\t<\/span>\n\t\t\t\t\t<\/div>\n\t\t\t\t\t\t<\/div>\n\t\t\t\t<\/div>\n\t\t\t\t<\/div>\n\t\t<div class=\"elementor-element elementor-element-a36fe71 e-con-full e-flex e-con e-child\" data-id=\"a36fe71\" data-element_type=\"container\">\n\t\t\t\t<div class=\"elementor-element elementor-element-609ba04 elementor-widget elementor-widget-text-editor\" data-id=\"609ba04\" data-element_type=\"widget\" data-widget_type=\"text-editor.default\">\n\t\t\t\t<div class=\"elementor-widget-container\">\n\t\t\t\t\t\t\t\t\t<p>MONDAY | THURSDAY | FRIDAY | SATURDAY | SUNDAY<br \/><strong>1:00 p.m. &#8211; 4:30 p.m<\/strong><br \/><strong>8:00 p.m. &#8211; 11:00 p.m<\/strong><\/p><p>TUESDAY AND WEDNESDAY<br \/><strong>STAFF REST<\/strong><\/p><p>* HOLIDAYS IN THE MONTH OF NOVEMBER<\/p>\t\t\t\t\t\t\t\t<\/div>\n\t\t\t\t<\/div>\n\t\t\t\t<\/div>\n\t\t\t\t\t<\/div>\n\t\t\t\t<\/div>\n\t\t<div class=\"elementor-element elementor-element-9b18d65 e-con-full e-flex e-con e-parent\" data-id=\"9b18d65\" data-element_type=\"container\">\n\t\t\t\t<div class=\"elementor-element elementor-element-f98932c elementor-widget elementor-widget-google_maps\" data-id=\"f98932c\" data-element_type=\"widget\" data-widget_type=\"google_maps.default\">\n\t\t\t\t<div class=\"elementor-widget-container\">\n\t\t\t\t\t\t\t<div class=\"elementor-custom-embed\">\n\t\t\t<iframe loading=\"lazy\"\n\t\t\t\t\tsrc=\"https:\/\/maps.google.com\/maps?q=Casa%20Teva%20Restaurant%2C%20Pl.%20Ferran%20Argullo%2C%204%2C%2017220%20Sant%20Feliu%20de%20Gu%C3%ADxols&#038;t=m&#038;z=17&#038;output=embed&#038;iwloc=near\"\n\t\t\t\t\ttitle=\"Casa Teva Restaurant, Pl. Ferran Argullo, 4, 17220 Sant Feliu de Gu\u00edxols\"\n\t\t\t\t\taria-label=\"Casa Teva Restaurant, Pl. Ferran Argullo, 4, 17220 Sant Feliu de Gu\u00edxols\"\n\t\t\t><\/iframe>\n\t\t<\/div>\n\t\t\t\t\t\t<\/div>\n\t\t\t\t<\/div>\n\t\t\t\t<\/div>\n\t\t\t\t<\/div>\n\t\t","protected":false},"excerpt":{"rendered":"<p>Contact reserves@casatevarestaurant.com 615 22 34 21 Pla\u00e7a Ferran Agull\u00f3, 317220 Sant Feliu de Gu\u00edxols Facebook Instagram MONDAY | THURSDAY | FRIDAY | SATURDAY | SUNDAY1:00 p.m. &#8211; 4:30 p.m8:00 p.m. &#8211; 11:00 p.m TUESDAY AND WEDNESDAYSTAFF REST * HOLIDAYS IN THE MONTH OF NOVEMBER<\/p>\n","protected":false},"author":2,"featured_media":0,"parent":0,"menu_order":0,"comment_status":"closed","ping_status":"closed","template":"","meta":{"footnotes":""},"class_list":["post-1014","page","type-page","status-publish","hentry"],"_links":{"self":[{"href":"https:\/\/casatevarestaurant.com\/en\/wp-json\/wp\/v2\/pages\/1014","targetHints":{"allow":["GET"]}}],"collection":[{"href":"https:\/\/casatevarestaurant.com\/en\/wp-json\/wp\/v2\/pages"}],"about":[{"href":"https:\/\/casatevarestaurant.com\/en\/wp-json\/wp\/v2\/types\/page"}],"author":[{"embeddable":true,"href":"https:\/\/casatevarestaurant.com\/en\/wp-json\/wp\/v2\/users\/2"}],"replies":[{"embeddable":true,"href":"https:\/\/casatevarestaurant.com\/en\/wp-json\/wp\/v2\/comments?post=1014"}],"version-history":[{"count":10,"href":"https:\/\/casatevarestaurant.com\/en\/wp-json\/wp\/v2\/pages\/1014\/revisions"}],"predecessor-version":[{"id":2115,"href":"https:\/\/casatevarestaurant.com\/en\/wp-json\/wp\/v2\/pages\/1014\/revisions\/2115"}],"wp:attachment":[{"href":"https:\/\/casatevarestaurant.com\/en\/wp-json\/wp\/v2\/media?parent=1014"}],"curies":[{"name":"wp","href":"https:\/\/api.w.org\/{rel}","templated":true}]}}