{"id":13454,"date":"2025-10-27T08:24:37","date_gmt":"2025-10-27T06:24:37","guid":{"rendered":"https:\/\/casatevarestaurant.com\/?page_id=13454"},"modified":"2026-05-08T12:31:51","modified_gmt":"2026-05-08T10:31:51","slug":"menu-diario","status":"publish","type":"page","link":"https:\/\/casatevarestaurant.com\/es\/menus\/menu-diario\/","title":{"rendered":"Men\u00fa diario"},"content":{"rendered":"\t\t<div data-elementor-type=\"wp-page\" data-elementor-id=\"13454\" class=\"elementor elementor-13454 elementor-13443\" data-elementor-post-type=\"page\">\n\t\t\t\t<div class=\"elementor-element elementor-element-34970d4 e-flex e-con-boxed e-con e-parent\" data-id=\"34970d4\" data-element_type=\"container\">\n\t\t\t\t\t<div class=\"e-con-inner\">\n\t\t\t\t<div class=\"elementor-element elementor-element-60fd721 elementor-widget elementor-widget-heading\" data-id=\"60fd721\" data-element_type=\"widget\" data-widget_type=\"heading.default\">\n\t\t\t\t<div class=\"elementor-widget-container\">\n\t\t\t\t\t<h1 class=\"elementor-heading-title elementor-size-default\">Men\u00fa del d\u00eda<\/h1>\t\t\t\t<\/div>\n\t\t\t\t<\/div>\n\t\t\t\t\t<\/div>\n\t\t\t\t<\/div>\n\t\t<div class=\"elementor-element elementor-element-4120473 e-flex e-con-boxed e-con e-parent\" data-id=\"4120473\" data-element_type=\"container\">\n\t\t\t\t\t<div class=\"e-con-inner\">\n\t\t\t\t<div class=\"elementor-element elementor-element-6f45772 elementor-widget elementor-widget-heading\" data-id=\"6f45772\" data-element_type=\"widget\" data-widget_type=\"heading.default\">\n\t\t\t\t<div class=\"elementor-widget-container\">\n\t\t\t\t\t<h5 class=\"elementor-heading-title elementor-size-default\">MEDIOD\u00cdA DE LUNES A VIERNES<br>(excepto festivo)<\/h5>\t\t\t\t<\/div>\n\t\t\t\t<\/div>\n\t\t\t\t\t<\/div>\n\t\t\t\t<\/div>\n\t\t<div class=\"elementor-element elementor-element-c1b35cb e-flex e-con-boxed e-con e-parent\" data-id=\"c1b35cb\" data-element_type=\"container\">\n\t\t\t\t\t<div class=\"e-con-inner\">\n\t\t\t\t<div class=\"elementor-element elementor-element-6ea6d4b elementor-widget elementor-widget-image\" data-id=\"6ea6d4b\" data-element_type=\"widget\" data-widget_type=\"image.default\">\n\t\t\t\t<div class=\"elementor-widget-container\">\n\t\t\t\t\t\t\t\t\t\t\t\t\t\t\t\t<a href=\"https:\/\/casatevarestaurant.com\/wp-content\/uploads\/CAST-2026-05-08T114735.070.png\" data-elementor-open-lightbox=\"yes\" data-e-action-hash=\"#elementor-action%3Aaction%3Dlightbox%26settings%3DeyJpZCI6MTY2OTgsInVybCI6Imh0dHBzOlwvXC9jYXNhdGV2YXJlc3RhdXJhbnQuY29tXC93cC1jb250ZW50XC91cGxvYWRzXC9DQVNULTIwMjYtMDUtMDhUMTE0NzM1LjA3MC5wbmcifQ%3D%3D\">\n\t\t\t\t\t\t\t<img fetchpriority=\"high\" decoding=\"async\" width=\"1010\" height=\"2000\" src=\"https:\/\/casatevarestaurant.com\/wp-content\/uploads\/CAST-2026-05-08T114735.070.png\" class=\"attachment-large size-large wp-image-16698\" alt=\"\" srcset=\"https:\/\/casatevarestaurant.com\/wp-content\/uploads\/CAST-2026-05-08T114735.070.png 1010w, https:\/\/casatevarestaurant.com\/wp-content\/uploads\/CAST-2026-05-08T114735.070-768x1521.png 768w, https:\/\/casatevarestaurant.com\/wp-content\/uploads\/CAST-2026-05-08T114735.070-776x1536.png 776w, https:\/\/casatevarestaurant.com\/wp-content\/uploads\/CAST-2026-05-08T114735.070-12x24.png 12w, https:\/\/casatevarestaurant.com\/wp-content\/uploads\/CAST-2026-05-08T114735.070-18x36.png 18w, https:\/\/casatevarestaurant.com\/wp-content\/uploads\/CAST-2026-05-08T114735.070-24x48.png 24w\" sizes=\"(max-width: 1010px) 100vw, 1010px\" \/>\t\t\t\t\t\t\t\t<\/a>\n\t\t\t\t\t\t\t\t\t\t\t\t\t\t\t<\/div>\n\t\t\t\t<\/div>\n\t\t\t\t\t<\/div>\n\t\t\t\t<\/div>\n\t\t\t\t<\/div>\n\t\t","protected":false},"excerpt":{"rendered":"<p>Men\u00fa del d\u00eda MEDIOD\u00cdA DE LUNES A VIERNES(excepto festivo)<\/p>\n","protected":false},"author":3,"featured_media":0,"parent":2435,"menu_order":0,"comment_status":"closed","ping_status":"closed","template":"","meta":{"footnotes":""},"class_list":["post-13454","page","type-page","status-publish","hentry"],"_links":{"self":[{"href":"https:\/\/casatevarestaurant.com\/es\/wp-json\/wp\/v2\/pages\/13454","targetHints":{"allow":["GET"]}}],"collection":[{"href":"https:\/\/casatevarestaurant.com\/es\/wp-json\/wp\/v2\/pages"}],"about":[{"href":"https:\/\/casatevarestaurant.com\/es\/wp-json\/wp\/v2\/types\/page"}],"author":[{"embeddable":true,"href":"https:\/\/casatevarestaurant.com\/es\/wp-json\/wp\/v2\/users\/3"}],"replies":[{"embeddable":true,"href":"https:\/\/casatevarestaurant.com\/es\/wp-json\/wp\/v2\/comments?post=13454"}],"version-history":[{"count":166,"href":"https:\/\/casatevarestaurant.com\/es\/wp-json\/wp\/v2\/pages\/13454\/revisions"}],"predecessor-version":[{"id":16710,"href":"https:\/\/casatevarestaurant.com\/es\/wp-json\/wp\/v2\/pages\/13454\/revisions\/16710"}],"up":[{"embeddable":true,"href":"https:\/\/casatevarestaurant.com\/es\/wp-json\/wp\/v2\/pages\/2435"}],"wp:attachment":[{"href":"https:\/\/casatevarestaurant.com\/es\/wp-json\/wp\/v2\/media?parent=13454"}],"curies":[{"name":"wp","href":"https:\/\/api.w.org\/{rel}","templated":true}]}}