{"id":2435,"date":"2024-02-09T11:53:47","date_gmt":"2024-02-09T09:53:47","guid":{"rendered":"https:\/\/casatevarestaurant.com\/menu-diari\/"},"modified":"2025-10-31T14:23:25","modified_gmt":"2025-10-31T12:23:25","slug":"menus","status":"publish","type":"page","link":"https:\/\/casatevarestaurant.com\/es\/menus\/","title":{"rendered":"Men\u00fas"},"content":{"rendered":"\t\t<div data-elementor-type=\"wp-page\" data-elementor-id=\"2435\" class=\"elementor elementor-2435 elementor-2423\" data-elementor-post-type=\"page\">\n\t\t\t\t<div class=\"elementor-element elementor-element-78b017f e-flex e-con-boxed e-con e-parent\" data-id=\"78b017f\" data-element_type=\"container\">\n\t\t\t\t\t<div class=\"e-con-inner\">\n\t\t\t\t<div class=\"elementor-element elementor-element-a92d02d elementor-widget elementor-widget-heading\" data-id=\"a92d02d\" data-element_type=\"widget\" data-widget_type=\"heading.default\">\n\t\t\t\t<div class=\"elementor-widget-container\">\n\t\t\t\t\t<h1 class=\"elementor-heading-title elementor-size-default\">Men\u00fa del d\u00eda<\/h1>\t\t\t\t<\/div>\n\t\t\t\t<\/div>\n\t\t\t\t\t<\/div>\n\t\t\t\t<\/div>\n\t\t<div class=\"elementor-element elementor-element-c150fae e-flex e-con-boxed e-con e-parent\" data-id=\"c150fae\" data-element_type=\"container\">\n\t\t\t\t\t<div class=\"e-con-inner\">\n\t\t\t\t<div class=\"elementor-element elementor-element-26ce763 elementor-widget elementor-widget-heading\" data-id=\"26ce763\" data-element_type=\"widget\" data-widget_type=\"heading.default\">\n\t\t\t\t<div class=\"elementor-widget-container\">\n\t\t\t\t\t<h5 class=\"elementor-heading-title elementor-size-default\">MEDIOD\u00cdA DE LUNES A VIERNES<br>(excepto festivo)<\/h5>\t\t\t\t<\/div>\n\t\t\t\t<\/div>\n\t\t\t\t\t<\/div>\n\t\t\t\t<\/div>\n\t\t<div class=\"elementor-element elementor-element-841137f e-flex e-con-boxed e-con e-parent\" data-id=\"841137f\" data-element_type=\"container\">\n\t\t\t\t\t<div class=\"e-con-inner\">\n\t\t\t\t<div class=\"elementor-element elementor-element-d3fa5e5 elementor-widget elementor-widget-image\" data-id=\"d3fa5e5\" data-element_type=\"widget\" data-widget_type=\"image.default\">\n\t\t\t\t<div class=\"elementor-widget-container\">\n\t\t\t\t\t\t\t\t\t\t\t\t\t\t\t\t<a href=\"https:\/\/casatevarestaurant.com\/wp-content\/uploads\/CAST-2025-10-27T103601.050.png\" data-elementor-open-lightbox=\"yes\" data-e-action-hash=\"#elementor-action%3Aaction%3Dlightbox%26settings%3DeyJpZCI6MTM0NzcsInVybCI6Imh0dHBzOlwvXC9jYXNhdGV2YXJlc3RhdXJhbnQuY29tXC93cC1jb250ZW50XC91cGxvYWRzXC9DQVNULTIwMjUtMTAtMjdUMTAzNjAxLjA1MC5wbmcifQ%3D%3D\">\n\t\t\t\t\t\t\t<img fetchpriority=\"high\" decoding=\"async\" width=\"1010\" height=\"2000\" src=\"https:\/\/casatevarestaurant.com\/wp-content\/uploads\/CAST-2025-10-27T103601.050.png\" class=\"attachment-large size-large wp-image-13477\" alt=\"\" srcset=\"https:\/\/casatevarestaurant.com\/wp-content\/uploads\/CAST-2025-10-27T103601.050.png 1010w, https:\/\/casatevarestaurant.com\/wp-content\/uploads\/CAST-2025-10-27T103601.050-768x1521.png 768w, https:\/\/casatevarestaurant.com\/wp-content\/uploads\/CAST-2025-10-27T103601.050-776x1536.png 776w, https:\/\/casatevarestaurant.com\/wp-content\/uploads\/CAST-2025-10-27T103601.050-12x24.png 12w, https:\/\/casatevarestaurant.com\/wp-content\/uploads\/CAST-2025-10-27T103601.050-18x36.png 18w, https:\/\/casatevarestaurant.com\/wp-content\/uploads\/CAST-2025-10-27T103601.050-24x48.png 24w\" sizes=\"(max-width: 1010px) 100vw, 1010px\" \/>\t\t\t\t\t\t\t\t<\/a>\n\t\t\t\t\t\t\t\t\t\t\t\t\t\t\t<\/div>\n\t\t\t\t<\/div>\n\t\t\t\t\t<\/div>\n\t\t\t\t<\/div>\n\t\t\t\t<\/div>\n\t\t","protected":false},"excerpt":{"rendered":"<p>Men\u00fa del d\u00eda MEDIOD\u00cdA DE LUNES A VIERNES(excepto festivo)<\/p>\n","protected":false},"author":3,"featured_media":0,"parent":0,"menu_order":0,"comment_status":"closed","ping_status":"closed","template":"","meta":{"footnotes":""},"class_list":["post-2435","page","type-page","status-publish","hentry"],"_links":{"self":[{"href":"https:\/\/casatevarestaurant.com\/es\/wp-json\/wp\/v2\/pages\/2435","targetHints":{"allow":["GET"]}}],"collection":[{"href":"https:\/\/casatevarestaurant.com\/es\/wp-json\/wp\/v2\/pages"}],"about":[{"href":"https:\/\/casatevarestaurant.com\/es\/wp-json\/wp\/v2\/types\/page"}],"author":[{"embeddable":true,"href":"https:\/\/casatevarestaurant.com\/es\/wp-json\/wp\/v2\/users\/3"}],"replies":[{"embeddable":true,"href":"https:\/\/casatevarestaurant.com\/es\/wp-json\/wp\/v2\/comments?post=2435"}],"version-history":[{"count":526,"href":"https:\/\/casatevarestaurant.com\/es\/wp-json\/wp\/v2\/pages\/2435\/revisions"}],"predecessor-version":[{"id":13596,"href":"https:\/\/casatevarestaurant.com\/es\/wp-json\/wp\/v2\/pages\/2435\/revisions\/13596"}],"wp:attachment":[{"href":"https:\/\/casatevarestaurant.com\/es\/wp-json\/wp\/v2\/media?parent=2435"}],"curies":[{"name":"wp","href":"https:\/\/api.w.org\/{rel}","templated":true}]}}