{"id":8247,"date":"2025-02-13T14:36:53","date_gmt":"2025-02-13T12:36:53","guid":{"rendered":"https:\/\/casatevarestaurant.com\/?page_id=8247"},"modified":"2025-04-10T13:43:39","modified_gmt":"2025-04-10T11:43:39","slug":"10-mordiscos","status":"publish","type":"page","link":"https:\/\/casatevarestaurant.com\/es\/10-mordiscos\/","title":{"rendered":"10 mordiscos"},"content":{"rendered":"\t\t<div data-elementor-type=\"wp-page\" data-elementor-id=\"8247\" class=\"elementor elementor-8247\" data-elementor-post-type=\"page\">\n\t\t\t\t<div class=\"elementor-element elementor-element-5cd3878 e-flex e-con-boxed e-con e-parent\" data-id=\"5cd3878\" data-element_type=\"container\">\n\t\t\t\t\t<div class=\"e-con-inner\">\n\t\t\t\t<div class=\"elementor-element elementor-element-5d0b099 elementor-widget elementor-widget-heading\" data-id=\"5d0b099\" data-element_type=\"widget\" data-widget_type=\"heading.default\">\n\t\t\t\t<div class=\"elementor-widget-container\">\n\t\t\t\t\t<h1 class=\"elementor-heading-title elementor-size-default\">Men\u00fa 10 mordiscos<\/h1>\t\t\t\t<\/div>\n\t\t\t\t<\/div>\n\t\t\t\t\t<\/div>\n\t\t\t\t<\/div>\n\t\t<div class=\"elementor-element elementor-element-d2a2375 e-flex e-con-boxed e-con e-parent\" data-id=\"d2a2375\" data-element_type=\"container\">\n\t\t\t\t\t<div class=\"e-con-inner\">\n\t\t\t\t<div class=\"elementor-element elementor-element-866b35f elementor-widget elementor-widget-heading\" data-id=\"866b35f\" data-element_type=\"widget\" data-widget_type=\"heading.default\">\n\t\t\t\t<div class=\"elementor-widget-container\">\n\t\t\t\t\t<h3 class=\"elementor-heading-title elementor-size-default\">SOLO NOCHES (men\u00fa bajo reserva - m\u00ednimo 2 personas)<br>DIAS 18 - 19 - 20 -21 men\u00fa no disponible<\/h3>\t\t\t\t<\/div>\n\t\t\t\t<\/div>\n\t\t\t\t\t<\/div>\n\t\t\t\t<\/div>\n\t\t<div class=\"elementor-element elementor-element-50966b5 e-flex e-con-boxed e-con e-parent\" data-id=\"50966b5\" data-element_type=\"container\">\n\t\t\t\t\t<div class=\"e-con-inner\">\n\t\t\t\t<div class=\"elementor-element elementor-element-d5dd211 elementor-widget elementor-widget-image\" data-id=\"d5dd211\" data-element_type=\"widget\" data-widget_type=\"image.default\">\n\t\t\t\t<div class=\"elementor-widget-container\">\n\t\t\t\t\t\t\t\t\t\t\t\t\t\t\t\t<a href=\"https:\/\/casatevarestaurant.com\/wp-content\/uploads\/CAST_NUEVO.png\" data-elementor-open-lightbox=\"yes\" data-e-action-hash=\"#elementor-action%3Aaction%3Dlightbox%26settings%3DeyJpZCI6ODkwOSwidXJsIjoiaHR0cHM6XC9cL2Nhc2F0ZXZhcmVzdGF1cmFudC5jb21cL3dwLWNvbnRlbnRcL3VwbG9hZHNcL0NBU1RfTlVFVk8ucG5nIn0%3D\">\n\t\t\t\t\t\t\t<img fetchpriority=\"high\" decoding=\"async\" width=\"1010\" height=\"2000\" src=\"https:\/\/casatevarestaurant.com\/wp-content\/uploads\/CAST_NUEVO.png\" class=\"attachment-large size-large wp-image-8909\" alt=\"\" srcset=\"https:\/\/casatevarestaurant.com\/wp-content\/uploads\/CAST_NUEVO.png 1010w, https:\/\/casatevarestaurant.com\/wp-content\/uploads\/CAST_NUEVO-768x1521.png 768w, https:\/\/casatevarestaurant.com\/wp-content\/uploads\/CAST_NUEVO-776x1536.png 776w, https:\/\/casatevarestaurant.com\/wp-content\/uploads\/CAST_NUEVO-12x24.png 12w, https:\/\/casatevarestaurant.com\/wp-content\/uploads\/CAST_NUEVO-18x36.png 18w, https:\/\/casatevarestaurant.com\/wp-content\/uploads\/CAST_NUEVO-24x48.png 24w\" sizes=\"(max-width: 1010px) 100vw, 1010px\" \/>\t\t\t\t\t\t\t\t<\/a>\n\t\t\t\t\t\t\t\t\t\t\t\t\t\t\t<\/div>\n\t\t\t\t<\/div>\n\t\t\t\t\t<\/div>\n\t\t\t\t<\/div>\n\t\t\t\t<\/div>\n\t\t","protected":false},"excerpt":{"rendered":"<p>SOLO NOCHES (men\u00fa bajo reserva &#8211; m\u00ednimo 2 personas)DIAS 18 &#8211; 19 &#8211; 20 -21 men\u00fa no disponible<\/p>\n","protected":false},"author":3,"featured_media":0,"parent":0,"menu_order":0,"comment_status":"closed","ping_status":"closed","template":"","meta":{"footnotes":""},"class_list":["post-8247","page","type-page","status-publish","hentry"],"_links":{"self":[{"href":"https:\/\/casatevarestaurant.com\/es\/wp-json\/wp\/v2\/pages\/8247","targetHints":{"allow":["GET"]}}],"collection":[{"href":"https:\/\/casatevarestaurant.com\/es\/wp-json\/wp\/v2\/pages"}],"about":[{"href":"https:\/\/casatevarestaurant.com\/es\/wp-json\/wp\/v2\/types\/page"}],"author":[{"embeddable":true,"href":"https:\/\/casatevarestaurant.com\/es\/wp-json\/wp\/v2\/users\/3"}],"replies":[{"embeddable":true,"href":"https:\/\/casatevarestaurant.com\/es\/wp-json\/wp\/v2\/comments?post=8247"}],"version-history":[{"count":22,"href":"https:\/\/casatevarestaurant.com\/es\/wp-json\/wp\/v2\/pages\/8247\/revisions"}],"predecessor-version":[{"id":9463,"href":"https:\/\/casatevarestaurant.com\/es\/wp-json\/wp\/v2\/pages\/8247\/revisions\/9463"}],"wp:attachment":[{"href":"https:\/\/casatevarestaurant.com\/es\/wp-json\/wp\/v2\/media?parent=8247"}],"curies":[{"name":"wp","href":"https:\/\/api.w.org\/{rel}","templated":true}]}}